{"id":235,"date":"2021-11-04T18:27:53","date_gmt":"2021-11-04T18:27:53","guid":{"rendered":"https:\/\/spherecollectiveberlin.com\/creative-services\/"},"modified":"2025-02-07T14:34:29","modified_gmt":"2025-02-07T14:34:29","slug":"kreative-leistungen","status":"publish","type":"page","link":"https:\/\/spherecollectiveberlin.com\/en\/kreative-leistungen\/","title":{"rendered":"Kreative Leistungen"},"content":{"rendered":"<p>[et_pb_section fb_built=&#8221;1&#8243; admin_label=&#8221;Header&#8221; _builder_version=&#8221;4.16&#8243; background_color_gradient_direction=&#8221;90deg&#8221; background_color_gradient_start=&#8221;#fdd23a&#8221; background_color_gradient_end=&#8221;rgba(41,196,169,0)&#8221; background_image=&#8221;https:\/\/spherecollectiveberlin.com\/wp-content\/uploads\/2021\/11\/Painter-artist-65.png&#8221; background_size=&#8221;contain&#8221; background_position=&#8221;center_left&#8221; custom_padding=&#8221;||14vw||false|false&#8221; background_last_edited=&#8221;on|phone&#8221; background_color_gradient_direction_tablet=&#8221;0deg&#8221; background_color_gradient_direction_phone=&#8221;90deg&#8221; background_color_gradient_start_position_phone=&#8221;84%&#8221; global_colors_info=&#8221;{}&#8221;][et_pb_row _builder_version=&#8221;4.16&#8243; _module_preset=&#8221;default&#8221; global_colors_info=&#8221;{}&#8221;][et_pb_column type=&#8221;4_4&#8243; _builder_version=&#8221;4.16&#8243; _module_preset=&#8221;default&#8221; global_colors_info=&#8221;{}&#8221;][et_pb_text _builder_version=&#8221;4.21.0&#8243; _module_preset=&#8221;default&#8221; global_colors_info=&#8221;{}&#8221;]<\/p>\n<h2 style=\"text-align: center;\"><strong>Kreative Dienstleistungen<\/strong><\/h2>\n<p>[\/et_pb_text][\/et_pb_column][\/et_pb_row][\/et_pb_section][et_pb_section fb_built=&#8221;1&#8243; admin_label=&#8221;Gallery&#8221; _builder_version=&#8221;4.16&#8243; global_colors_info=&#8221;{}&#8221;][et_pb_row column_structure=&#8221;1_5,1_5,1_5,1_5,1_5&#8243; use_custom_gutter=&#8221;on&#8221; gutter_width=&#8221;2&#8243; _builder_version=&#8221;4.16&#8243; z_index=&#8221;10&#8243; width=&#8221;90%&#8221; max_width=&#8221;1600px&#8221; custom_margin=&#8221;-14vw||||false|false&#8221; custom_margin_tablet=&#8221;||0px||false|false&#8221; custom_margin_phone=&#8221;&#8221; custom_margin_last_edited=&#8221;on|desktop&#8221; border_color_all=&#8221;#000000&#8243; border_width_top=&#8221;5px&#8221; border_width_bottom=&#8221;5px&#8221; global_colors_info=&#8221;{}&#8221;][et_pb_column type=&#8221;1_5&#8243; _builder_version=&#8221;4.16&#8243; global_colors_info=&#8221;{}&#8221;][et_pb_image src=&#8221;https:\/\/spherecollectiveberlin.com\/wp-content\/uploads\/2022\/02\/susan-wilkinson-zCG-k1PZQ3A-unsp.jpg&#8221; title_text=&#8221;susan-wilkinson-zCG-k1PZQ3A-unsp&#8221; url=&#8221;#1&#8243; _builder_version=&#8221;4.16&#8243; locked=&#8221;off&#8221; global_colors_info=&#8221;{}&#8221;][\/et_pb_image][et_pb_text _builder_version=&#8221;4.21.0&#8243; _module_preset=&#8221;2b50c5fb-9a9c-4463-ac30-7798e23dc099&#8243; header_5_font_size=&#8221;26px&#8221; custom_margin=&#8221;||5px||false|false&#8221; header_5_font_size_tablet=&#8221;20px&#8221; header_5_font_size_phone=&#8221;18px&#8221; header_5_font_size_last_edited=&#8221;on|phone&#8221; locked=&#8221;off&#8221; global_colors_info=&#8221;{}&#8221;]<\/p>\n<h6><strong>CHOREOGRAfie<\/strong><\/h6>\n<p>[\/et_pb_text][\/et_pb_column][et_pb_column type=&#8221;1_5&#8243; _builder_version=&#8221;4.16&#8243; global_colors_info=&#8221;{}&#8221;][et_pb_image src=&#8221;https:\/\/spherecollectiveberlin.com\/wp-content\/uploads\/2022\/02\/solen-feyissa-ZjD7E_f5sLk-unspla.jpg&#8221; title_text=&#8221;solen-feyissa-ZjD7E_f5sLk-unspla&#8221; url=&#8221;#2&#8243; _builder_version=&#8221;4.16&#8243; locked=&#8221;off&#8221; global_colors_info=&#8221;{}&#8221;][\/et_pb_image][et_pb_text _builder_version=&#8221;4.21.0&#8243; _module_preset=&#8221;default&#8221; header_5_font=&#8221;Montserrat|700|||||||&#8221; header_5_font_size=&#8221;26px&#8221; custom_margin=&#8221;||5px||false|false&#8221; header_5_font_size_tablet=&#8221;20px&#8221; header_5_font_size_phone=&#8221;18px&#8221; header_5_font_size_last_edited=&#8221;on|phone&#8221; locked=&#8221;off&#8221; global_colors_info=&#8221;{}&#8221;]<\/p>\n<h6 style=\"text-align: center;\"><strong>Coaching &amp; Awareness Training<\/strong><\/h6>\n<p>[\/et_pb_text][\/et_pb_column][et_pb_column type=&#8221;1_5&#8243; _builder_version=&#8221;4.16&#8243; global_colors_info=&#8221;{}&#8221;][et_pb_image src=&#8221;https:\/\/spherecollectiveberlin.com\/wp-content\/uploads\/2022\/03\/ezgif-2-331cb730fe.jpeg&#8221; title_text=&#8221;ezgif-2-331cb730fe&#8221; url=&#8221;#3&#8243; _builder_version=&#8221;4.16&#8243; locked=&#8221;off&#8221; global_colors_info=&#8221;{}&#8221;][\/et_pb_image][et_pb_text _builder_version=&#8221;4.21.0&#8243; header_5_font_size=&#8221;26px&#8221; custom_margin=&#8221;||5px||false|false&#8221; header_5_font_size_tablet=&#8221;20px&#8221; header_5_font_size_phone=&#8221;18px&#8221; header_5_font_size_last_edited=&#8221;on|phone&#8221; locked=&#8221;off&#8221; global_colors_info=&#8221;{}&#8221;]<\/p>\n<h6><strong>Event Acts<\/strong><\/h6>\n<p>[\/et_pb_text][\/et_pb_column][et_pb_column type=&#8221;1_5&#8243; _builder_version=&#8221;4.16&#8243; global_colors_info=&#8221;{}&#8221;][et_pb_image src=&#8221;https:\/\/spherecollectiveberlin.com\/wp-content\/uploads\/2022\/02\/solen-feyissa-CKUXpi-7clM-unspla-1-1.jpg&#8221; title_text=&#8221;solen-feyissa-CKUXpi-7clM-unspla (1)&#8221; url=&#8221;#4&#8243; _builder_version=&#8221;4.16&#8243; custom_padding=&#8221;||0px|||&#8221; locked=&#8221;off&#8221; global_colors_info=&#8221;{}&#8221;][\/et_pb_image][et_pb_text _builder_version=&#8221;4.21.0&#8243; header_5_font_size=&#8221;26px&#8221; custom_margin=&#8221;||5px||false|false&#8221; header_5_font_size_tablet=&#8221;20px&#8221; header_5_font_size_phone=&#8221;18px&#8221; header_5_font_size_last_edited=&#8221;on|phone&#8221; locked=&#8221;off&#8221; global_colors_info=&#8221;{}&#8221;]<\/p>\n<h6><strong>Workshops<\/strong><\/h6>\n<p>[\/et_pb_text][\/et_pb_column][et_pb_column type=&#8221;1_5&#8243; _builder_version=&#8221;4.16&#8243; global_colors_info=&#8221;{}&#8221;][et_pb_image src=&#8221;https:\/\/spherecollectiveberlin.com\/wp-content\/uploads\/2022\/02\/solen-feyissa-_jznZxK_QJ8-unspla.jpg&#8221; title_text=&#8221;solen-feyissa-_jznZxK_QJ8-unspla&#8221; url=&#8221;#5&#8243; _builder_version=&#8221;4.16&#8243; locked=&#8221;off&#8221; global_colors_info=&#8221;{}&#8221;][\/et_pb_image][et_pb_text _builder_version=&#8221;4.21.0&#8243; header_5_font_size=&#8221;26px&#8221; custom_margin=&#8221;||5px||false|false&#8221; header_5_font_size_tablet=&#8221;20px&#8221; header_5_font_size_phone=&#8221;18px&#8221; header_5_font_size_last_edited=&#8221;on|phone&#8221; locked=&#8221;off&#8221; global_colors_info=&#8221;{}&#8221;]<\/p>\n<h6><strong>Modeling<\/strong><\/h6>\n<p>[\/et_pb_text][\/et_pb_column][\/et_pb_row][\/et_pb_section][et_pb_section fb_built=&#8221;1&#8243; admin_label=&#8221;About&#8221; _builder_version=&#8221;4.16&#8243; locked=&#8221;off&#8221; global_colors_info=&#8221;{}&#8221;][et_pb_row make_equal=&#8221;on&#8221; module_id=&#8221;1&#8243; _builder_version=&#8221;4.16&#8243; width=&#8221;100%&#8221; global_colors_info=&#8221;{}&#8221;][et_pb_column type=&#8221;4_4&#8243; _builder_version=&#8221;4.16&#8243; global_colors_info=&#8221;{}&#8221;][et_pb_text _builder_version=&#8221;4.16&#8243; _module_preset=&#8221;2b50c5fb-9a9c-4463-ac30-7798e23dc099&#8243; header_2_font_size_tablet=&#8221;&#8221; header_2_font_size_phone=&#8221;&#8221; header_2_font_size_last_edited=&#8221;on|desktop&#8221; locked=&#8221;off&#8221; global_colors_info=&#8221;{}&#8221;]<\/p>\n<h2>Choreografie<\/h2>\n<p>[\/et_pb_text][\/et_pb_column][\/et_pb_row][et_pb_row column_structure=&#8221;3_5,2_5&#8243; make_equal=&#8221;on&#8221; _builder_version=&#8221;4.16&#8243; _module_preset=&#8221;default&#8221; width=&#8221;97%&#8221; custom_margin=&#8221;|auto|100px|auto||&#8221; custom_css_main_element=&#8221;margin: auto;||align-items: center;&#8221; global_colors_info=&#8221;{}&#8221;][et_pb_column type=&#8221;3_5&#8243; _builder_version=&#8221;4.16&#8243; _module_preset=&#8221;default&#8221; custom_padding=&#8221;|5%||5%|false|false&#8221; global_colors_info=&#8221;{}&#8221;][et_pb_text _builder_version=&#8221;4.27.4&#8243; _module_preset=&#8221;default&#8221; text_font_size=&#8221;16px&#8221; hover_enabled=&#8221;0&#8243; global_colors_info=&#8221;{}&#8221; sticky_enabled=&#8221;0&#8243;]<\/p>\n<p style=\"text-align: justify;\"><span style=\"font-weight: 400;\">Besteht bereits ein Konzept, aber es fehlt noch an Bewegung?<\/span><\/p>\n<p style=\"text-align: justify;\"><span style=\"font-weight: 400;\">Sehr gern arbeiten wir nach Wunsch und Gesp\u00fcr zusammen. Von wertvollen Tipps und einem Blick von au\u00dfen bis hin zur Erschaffung einer Choreografie bringen wir unser jahrelanges Wissen in die Produktion ein. Wir begleiten und unterst\u00fctzen euch bis zur Performance. In Workshops und Proben kommen wir in den gemeinsamen Austausch zusammen.<\/span><\/p>\n<p style=\"text-align: justify;\">[\/et_pb_text][\/et_pb_column][et_pb_column type=&#8221;2_5&#8243; _builder_version=&#8221;4.16&#8243; _module_preset=&#8221;default&#8221; global_colors_info=&#8221;{}&#8221;][et_pb_image src=&#8221;https:\/\/spherecollectiveberlin.com\/wp-content\/uploads\/2022\/02\/susan-wilkinson-zCG-k1PZQ3A-unsp.jpg&#8221; title_text=&#8221;susan-wilkinson-zCG-k1PZQ3A-unsp&#8221; _builder_version=&#8221;4.16&#8243; _module_preset=&#8221;default&#8221; global_colors_info=&#8221;{}&#8221;][\/et_pb_image][\/et_pb_column][\/et_pb_row][et_pb_row make_equal=&#8221;on&#8221; module_id=&#8221;2&#8243; _builder_version=&#8221;4.16&#8243; global_colors_info=&#8221;{}&#8221;][et_pb_column type=&#8221;4_4&#8243; _builder_version=&#8221;4.16&#8243; z_index=&#8221;10&#8243; custom_padding_tablet=&#8221;&#8221; custom_padding_phone=&#8221;&#8221; custom_padding_last_edited=&#8221;on|phone&#8221; global_colors_info=&#8221;{}&#8221;][et_pb_text _builder_version=&#8221;4.16&#8243; _module_preset=&#8221;2b50c5fb-9a9c-4463-ac30-7798e23dc099&#8243; header_2_font_size_tablet=&#8221;&#8221; header_2_font_size_phone=&#8221;&#8221; header_2_font_size_last_edited=&#8221;on|desktop&#8221; locked=&#8221;off&#8221; global_colors_info=&#8221;{}&#8221;]<\/p>\n<h2>Coaching &amp; Awareness Training<\/h2>\n<p>[\/et_pb_text][\/et_pb_column][\/et_pb_row][et_pb_row column_structure=&#8221;1_2,1_2&#8243; make_equal=&#8221;on&#8221; _builder_version=&#8221;4.16&#8243; _module_preset=&#8221;default&#8221; width=&#8221;97%&#8221; custom_margin=&#8221;|auto|100px|auto||&#8221; hover_enabled=&#8221;0&#8243; custom_css_main_element=&#8221;margin: auto;||align-items: center;&#8221; global_colors_info=&#8221;{}&#8221; sticky_enabled=&#8221;0&#8243;][et_pb_column type=&#8221;1_2&#8243; _builder_version=&#8221;4.16&#8243; _module_preset=&#8221;default&#8221; custom_padding=&#8221;|5%||5%|false|false&#8221; global_colors_info=&#8221;{}&#8221;][et_pb_image src=&#8221;https:\/\/spherecollectiveberlin.com\/wp-content\/uploads\/2022\/02\/solen-feyissa-ZjD7E_f5sLk-unspla.jpg&#8221; title_text=&#8221;solen-feyissa-ZjD7E_f5sLk-unspla&#8221; _builder_version=&#8221;4.16&#8243; _module_preset=&#8221;default&#8221; global_colors_info=&#8221;{}&#8221;][\/et_pb_image][\/et_pb_column][et_pb_column type=&#8221;1_2&#8243; _builder_version=&#8221;4.16&#8243; _module_preset=&#8221;default&#8221; global_colors_info=&#8221;{}&#8221;][et_pb_text _builder_version=&#8221;4.27.4&#8243; _module_preset=&#8221;default&#8221; text_font_size=&#8221;16px&#8221; hover_enabled=&#8221;0&#8243; global_colors_info=&#8221;{}&#8221; sticky_enabled=&#8221;0&#8243;]<\/p>\n<p style=\"text-align: justify;\"><span style=\"font-weight: 400;\">Bist du Performer:in und m\u00f6chtest dir mehr Aufmerksamkeit schenken?<\/span><\/p>\n<p style=\"text-align: justify;\"><span style=\"font-weight: 400;\">Oft werden wir abgelenkt, arbeiten unter Druck oder verschlie\u00dfen innere Gef\u00fchle. Dabei ist genau dieses innere Gef\u00fchl entscheidend daf\u00fcr, ob wir in Balance sind oder nicht. Wir laden dich ein, dich in einem Bewusstseinstraining zu erkunden und sowohl k\u00f6rperlich als auch geistig zu scannen, um deinen eigenen Zustand zu erfassen. Dies kann von der Untersuchung gewohnter K\u00f6rperhaltungen bis hin zu geistigen oder seelischen Erfahrungen reichen.<\/span><\/p>\n<p style=\"text-align: justify;\"><span style=\"font-weight: 400;\">Es handelt sich hierbei nicht um eine Therapie, sondern um einen gesch\u00fctzten Raum, den wir gemeinsam nutzen, um uns mit uns selbst auseinanderzusetzen. Ein solches Coaching kann beispielsweise zur Vorbereitung auf eine bevorstehende Performance dienen.<\/span><\/p>\n<p>[\/et_pb_text][\/et_pb_column][\/et_pb_row][et_pb_row make_equal=&#8221;on&#8221; module_id=&#8221;3&#8243; _builder_version=&#8221;4.16&#8243; global_colors_info=&#8221;{}&#8221;][et_pb_column type=&#8221;4_4&#8243; _builder_version=&#8221;4.16&#8243; global_colors_info=&#8221;{}&#8221;][et_pb_text _builder_version=&#8221;4.16&#8243; _module_preset=&#8221;2b50c5fb-9a9c-4463-ac30-7798e23dc099&#8243; header_2_font_size_tablet=&#8221;&#8221; header_2_font_size_phone=&#8221;&#8221; header_2_font_size_last_edited=&#8221;on|desktop&#8221; locked=&#8221;off&#8221; global_colors_info=&#8221;{}&#8221;]<\/p>\n<h2>Event Acts<\/h2>\n<p>[\/et_pb_text][\/et_pb_column][\/et_pb_row][et_pb_row column_structure=&#8221;3_5,2_5&#8243; make_equal=&#8221;on&#8221; _builder_version=&#8221;4.16&#8243; _module_preset=&#8221;default&#8221; width=&#8221;97%&#8221; custom_margin=&#8221;|auto|100px|auto||&#8221; custom_css_main_element=&#8221;margin: auto;||align-items: center;&#8221; global_colors_info=&#8221;{}&#8221;][et_pb_column type=&#8221;3_5&#8243; _builder_version=&#8221;4.16&#8243; _module_preset=&#8221;default&#8221; custom_padding=&#8221;|5%||5%|false|false&#8221; global_colors_info=&#8221;{}&#8221;][et_pb_text _builder_version=&#8221;4.27.4&#8243; _module_preset=&#8221;default&#8221; text_font_size=&#8221;16px&#8221; hover_enabled=&#8221;0&#8243; global_colors_info=&#8221;{}&#8221; sticky_enabled=&#8221;0&#8243;]<\/p>\n<p style=\"text-align: justify;\"><span style=\"font-weight: 400;\">Bei Festivals, Hochzeiten und anderen Feierlichkeiten sind wir gerne dabei. Unsere St\u00e4rke liegt in der schnellen Anpassung an die R\u00e4umlichkeiten und Gegebenheiten. So k\u00f6nnen wir sowohl mit festen als auch mit flexiblen Strukturen umgehen und je nach Absprache einen performativen Live-Act kreieren.<\/span><\/p>\n<p>[\/et_pb_text][\/et_pb_column][et_pb_column type=&#8221;2_5&#8243; _builder_version=&#8221;4.16&#8243; _module_preset=&#8221;default&#8221; global_colors_info=&#8221;{}&#8221;][et_pb_image src=&#8221;https:\/\/spherecollectiveberlin.com\/wp-content\/uploads\/2022\/03\/ezgif-2-331cb730fe.jpeg&#8221; title_text=&#8221;ezgif-2-331cb730fe&#8221; _builder_version=&#8221;4.16&#8243; _module_preset=&#8221;default&#8221; global_colors_info=&#8221;{}&#8221;][\/et_pb_image][\/et_pb_column][\/et_pb_row][et_pb_row make_equal=&#8221;on&#8221; module_id=&#8221;4&#8243; _builder_version=&#8221;4.16&#8243; global_colors_info=&#8221;{}&#8221;][et_pb_column type=&#8221;4_4&#8243; _builder_version=&#8221;4.16&#8243; z_index=&#8221;10&#8243; custom_padding_tablet=&#8221;&#8221; custom_padding_phone=&#8221;&#8221; custom_padding_last_edited=&#8221;on|phone&#8221; global_colors_info=&#8221;{}&#8221;][et_pb_text _builder_version=&#8221;4.16&#8243; _module_preset=&#8221;2b50c5fb-9a9c-4463-ac30-7798e23dc099&#8243; header_2_font_size_tablet=&#8221;&#8221; header_2_font_size_phone=&#8221;&#8221; header_2_font_size_last_edited=&#8221;on|desktop&#8221; locked=&#8221;off&#8221; global_colors_info=&#8221;{}&#8221;]<\/p>\n<h2>Workshops<\/h2>\n<p>[\/et_pb_text][\/et_pb_column][\/et_pb_row][et_pb_row column_structure=&#8221;1_2,1_2&#8243; make_equal=&#8221;on&#8221; _builder_version=&#8221;4.16&#8243; _module_preset=&#8221;default&#8221; width=&#8221;97%&#8221; custom_margin=&#8221;|auto|100px|auto||&#8221; custom_css_main_element=&#8221;margin: auto;||align-items: center;&#8221; global_colors_info=&#8221;{}&#8221;][et_pb_column type=&#8221;1_2&#8243; _builder_version=&#8221;4.16&#8243; _module_preset=&#8221;default&#8221; custom_padding=&#8221;|5%||5%|false|false&#8221; global_colors_info=&#8221;{}&#8221;][et_pb_image src=&#8221;https:\/\/spherecollectiveberlin.com\/wp-content\/uploads\/2022\/02\/solen-feyissa-CKUXpi-7clM-unspla-1.jpg&#8221; title_text=&#8221;solen-feyissa-CKUXpi-7clM-unspla&#8221; _builder_version=&#8221;4.16&#8243; _module_preset=&#8221;default&#8221; global_colors_info=&#8221;{}&#8221;][\/et_pb_image][\/et_pb_column][et_pb_column type=&#8221;1_2&#8243; _builder_version=&#8221;4.16&#8243; _module_preset=&#8221;default&#8221; global_colors_info=&#8221;{}&#8221;][et_pb_text _builder_version=&#8221;4.27.4&#8243; _module_preset=&#8221;default&#8221; text_font_size=&#8221;16px&#8221; hover_enabled=&#8221;0&#8243; global_colors_info=&#8221;{}&#8221; sticky_enabled=&#8221;0&#8243;]<\/p>\n<p style=\"text-align: justify;\"><span style=\"font-weight: 400;\">Die von uns geleiteten Workshops vermitteln geballtes Wissen. Wir arbeiten thematisch und orientieren uns an den Bed\u00fcrfnissen der Teilnehmenden. Zum Arbeitsprozess geh\u00f6ren sowohl Bewegungseinheiten als auch Austauschgespr\u00e4che. Wir bieten zeitgen\u00f6ssische Tanzworkshops f\u00fcr alle Altersgruppen und Niveaus an sowie Workshops zur Verletzungspr\u00e4vention f\u00fcr T\u00e4nzer:innen.<\/span><\/p>\n<p>[\/et_pb_text][\/et_pb_column][\/et_pb_row][et_pb_row make_equal=&#8221;on&#8221; module_id=&#8221;5&#8243; _builder_version=&#8221;4.16&#8243; global_colors_info=&#8221;{}&#8221;][et_pb_column type=&#8221;4_4&#8243; _builder_version=&#8221;4.16&#8243; global_colors_info=&#8221;{}&#8221;][et_pb_text _builder_version=&#8221;4.16&#8243; header_2_font_size_tablet=&#8221;&#8221; header_2_font_size_phone=&#8221;&#8221; header_2_font_size_last_edited=&#8221;on|desktop&#8221; locked=&#8221;off&#8221; global_colors_info=&#8221;{}&#8221;]<\/p>\n<h2>Modeling<\/h2>\n<p>[\/et_pb_text][\/et_pb_column][\/et_pb_row][et_pb_row column_structure=&#8221;3_5,2_5&#8243; make_equal=&#8221;on&#8221; _builder_version=&#8221;4.16&#8243; _module_preset=&#8221;default&#8221; width=&#8221;97%&#8221; custom_margin=&#8221;|auto|100px|auto||&#8221; custom_css_main_element=&#8221;margin: auto;||align-items: center;&#8221; global_colors_info=&#8221;{}&#8221;][et_pb_column type=&#8221;3_5&#8243; _builder_version=&#8221;4.16&#8243; _module_preset=&#8221;default&#8221; custom_padding=&#8221;|5%||5%|false|false&#8221; global_colors_info=&#8221;{}&#8221;][et_pb_text _builder_version=&#8221;4.27.4&#8243; _module_preset=&#8221;default&#8221; text_font_size=&#8221;16px&#8221; hover_enabled=&#8221;0&#8243; global_colors_info=&#8221;{}&#8221; sticky_enabled=&#8221;0&#8243;]<\/p>\n<p style=\"text-align: justify;\"><span style=\"font-weight: 400;\">Ob f\u00fcr Videodrehs, Fotoshootings oder Live-Acts \u2013 wir verbinden Tanz und Modeln ganz nach Bedarf. Als heterogene Gruppe betrachten wir unsere Vielfalt als eine wichtige St\u00e4rke. Alter, Statur, ethnische Hintergr\u00fcnde und weitere Merkmale d\u00fcrfen und sollen unserer \u00dcberzeugung nach in ihrer Diversit\u00e4t erbl\u00fchen und bestehen.<\/span><\/p>\n<p>[\/et_pb_text][\/et_pb_column][et_pb_column type=&#8221;2_5&#8243; _builder_version=&#8221;4.16&#8243; _module_preset=&#8221;default&#8221; global_colors_info=&#8221;{}&#8221;][et_pb_image src=&#8221;https:\/\/spherecollectiveberlin.com\/wp-content\/uploads\/2022\/02\/solen-feyissa-_jznZxK_QJ8-unsplash.jpg&#8221; title_text=&#8221;solen-feyissa-_jznZxK_QJ8-unsplash&#8221; _builder_version=&#8221;4.16&#8243; _module_preset=&#8221;default&#8221; global_colors_info=&#8221;{}&#8221;][\/et_pb_image][\/et_pb_column][\/et_pb_row][\/et_pb_section]<\/p>\n","protected":false},"excerpt":{"rendered":"<p>Kreative DienstleistungenCHOREOGRAfieCoaching &amp; Awareness TrainingEvent ActsWorkshopsModelingChoreografieBesteht bereits ein Konzept, aber es fehlt noch an Bewegung? Sehr gern arbeiten wir nach Wunsch und Gesp\u00fcr zusammen. Von wertvollen Tipps und einem Blick von au\u00dfen bis hin zur Erschaffung einer Choreografie bringen wir unser jahrelanges Wissen in die Produktion ein. Wir begleiten und unterst\u00fctzen euch bis zur Performance. [&hellip;]<\/p>\n","protected":false},"author":1,"featured_media":0,"parent":0,"menu_order":0,"comment_status":"closed","ping_status":"closed","template":"","meta":{"nf_dc_page":"","_et_pb_use_builder":"on","_et_pb_old_content":"<!-- wp:divi\/placeholder \/-->","_et_gb_content_width":"","footnotes":""},"class_list":["post-235","page","type-page","status-publish","hentry"],"yoast_head":"<!-- This site is optimized with the Yoast SEO plugin v27.4 - https:\/\/yoast.com\/product\/yoast-seo-wordpress\/ -->\n<title>Kreative Leistungen - SPHERE<\/title>\n<meta name=\"robots\" content=\"index, follow, max-snippet:-1, max-image-preview:large, max-video-preview:-1\" \/>\n<link rel=\"canonical\" href=\"https:\/\/spherecollectiveberlin.com\/en\/kreative-leistungen\/\" \/>\n<meta property=\"og:locale\" content=\"en_US\" \/>\n<meta property=\"og:type\" content=\"article\" \/>\n<meta property=\"og:title\" content=\"Kreative Leistungen - SPHERE\" \/>\n<meta property=\"og:description\" content=\"Kreative DienstleistungenCHOREOGRAfieCoaching &amp; Awareness TrainingEvent ActsWorkshopsModelingChoreografieBesteht bereits ein Konzept, aber es fehlt noch an Bewegung? Sehr gern arbeiten wir nach Wunsch und Gesp\u00fcr zusammen. Von wertvollen Tipps und einem Blick von au\u00dfen bis hin zur Erschaffung einer Choreografie bringen wir unser jahrelanges Wissen in die Produktion ein. Wir begleiten und unterst\u00fctzen euch bis zur Performance. [&hellip;]\" \/>\n<meta property=\"og:url\" content=\"https:\/\/spherecollectiveberlin.com\/en\/kreative-leistungen\/\" \/>\n<meta property=\"og:site_name\" content=\"SPHERE\" \/>\n<meta property=\"article:modified_time\" content=\"2025-02-07T14:34:29+00:00\" \/>\n<meta name=\"twitter:card\" content=\"summary_large_image\" \/>\n<meta name=\"twitter:label1\" content=\"Est. reading time\" \/>\n\t<meta name=\"twitter:data1\" content=\"5 minutes\" \/>\n<script type=\"application\/ld+json\" class=\"yoast-schema-graph\">{\"@context\":\"https:\\\/\\\/schema.org\",\"@graph\":[{\"@type\":\"WebPage\",\"@id\":\"https:\\\/\\\/spherecollectiveberlin.com\\\/kreative-leistungen\\\/\",\"url\":\"https:\\\/\\\/spherecollectiveberlin.com\\\/kreative-leistungen\\\/\",\"name\":\"Kreative Leistungen - SPHERE\",\"isPartOf\":{\"@id\":\"https:\\\/\\\/spherecollectiveberlin.com\\\/#website\"},\"datePublished\":\"2021-11-04T18:27:53+00:00\",\"dateModified\":\"2025-02-07T14:34:29+00:00\",\"breadcrumb\":{\"@id\":\"https:\\\/\\\/spherecollectiveberlin.com\\\/kreative-leistungen\\\/#breadcrumb\"},\"inLanguage\":\"en-US\",\"potentialAction\":[{\"@type\":\"ReadAction\",\"target\":[\"https:\\\/\\\/spherecollectiveberlin.com\\\/kreative-leistungen\\\/\"]}]},{\"@type\":\"BreadcrumbList\",\"@id\":\"https:\\\/\\\/spherecollectiveberlin.com\\\/kreative-leistungen\\\/#breadcrumb\",\"itemListElement\":[{\"@type\":\"ListItem\",\"position\":1,\"name\":\"Home\",\"item\":\"https:\\\/\\\/spherecollectiveberlin.com\\\/\"},{\"@type\":\"ListItem\",\"position\":2,\"name\":\"Kreative Leistungen\"}]},{\"@type\":\"WebSite\",\"@id\":\"https:\\\/\\\/spherecollectiveberlin.com\\\/#website\",\"url\":\"https:\\\/\\\/spherecollectiveberlin.com\\\/\",\"name\":\"SPHERE\",\"description\":\"\",\"potentialAction\":[{\"@type\":\"SearchAction\",\"target\":{\"@type\":\"EntryPoint\",\"urlTemplate\":\"https:\\\/\\\/spherecollectiveberlin.com\\\/?s={search_term_string}\"},\"query-input\":{\"@type\":\"PropertyValueSpecification\",\"valueRequired\":true,\"valueName\":\"search_term_string\"}}],\"inLanguage\":\"en-US\"}]}<\/script>\n<!-- \/ Yoast SEO plugin. -->","yoast_head_json":{"title":"Kreative Leistungen - SPHERE","robots":{"index":"index","follow":"follow","max-snippet":"max-snippet:-1","max-image-preview":"max-image-preview:large","max-video-preview":"max-video-preview:-1"},"canonical":"https:\/\/spherecollectiveberlin.com\/en\/kreative-leistungen\/","og_locale":"en_US","og_type":"article","og_title":"Kreative Leistungen - SPHERE","og_description":"Kreative DienstleistungenCHOREOGRAfieCoaching &amp; Awareness TrainingEvent ActsWorkshopsModelingChoreografieBesteht bereits ein Konzept, aber es fehlt noch an Bewegung? Sehr gern arbeiten wir nach Wunsch und Gesp\u00fcr zusammen. Von wertvollen Tipps und einem Blick von au\u00dfen bis hin zur Erschaffung einer Choreografie bringen wir unser jahrelanges Wissen in die Produktion ein. Wir begleiten und unterst\u00fctzen euch bis zur Performance. [&hellip;]","og_url":"https:\/\/spherecollectiveberlin.com\/en\/kreative-leistungen\/","og_site_name":"SPHERE","article_modified_time":"2025-02-07T14:34:29+00:00","twitter_card":"summary_large_image","twitter_misc":{"Est. reading time":"5 minutes"},"schema":{"@context":"https:\/\/schema.org","@graph":[{"@type":"WebPage","@id":"https:\/\/spherecollectiveberlin.com\/kreative-leistungen\/","url":"https:\/\/spherecollectiveberlin.com\/kreative-leistungen\/","name":"Kreative Leistungen - SPHERE","isPartOf":{"@id":"https:\/\/spherecollectiveberlin.com\/#website"},"datePublished":"2021-11-04T18:27:53+00:00","dateModified":"2025-02-07T14:34:29+00:00","breadcrumb":{"@id":"https:\/\/spherecollectiveberlin.com\/kreative-leistungen\/#breadcrumb"},"inLanguage":"en-US","potentialAction":[{"@type":"ReadAction","target":["https:\/\/spherecollectiveberlin.com\/kreative-leistungen\/"]}]},{"@type":"BreadcrumbList","@id":"https:\/\/spherecollectiveberlin.com\/kreative-leistungen\/#breadcrumb","itemListElement":[{"@type":"ListItem","position":1,"name":"Home","item":"https:\/\/spherecollectiveberlin.com\/"},{"@type":"ListItem","position":2,"name":"Kreative Leistungen"}]},{"@type":"WebSite","@id":"https:\/\/spherecollectiveberlin.com\/#website","url":"https:\/\/spherecollectiveberlin.com\/","name":"SPHERE","description":"","potentialAction":[{"@type":"SearchAction","target":{"@type":"EntryPoint","urlTemplate":"https:\/\/spherecollectiveberlin.com\/?s={search_term_string}"},"query-input":{"@type":"PropertyValueSpecification","valueRequired":true,"valueName":"search_term_string"}}],"inLanguage":"en-US"}]}},"jetpack_sharing_enabled":true,"_links":{"self":[{"href":"https:\/\/spherecollectiveberlin.com\/en\/wp-json\/wp\/v2\/pages\/235","targetHints":{"allow":["GET"]}}],"collection":[{"href":"https:\/\/spherecollectiveberlin.com\/en\/wp-json\/wp\/v2\/pages"}],"about":[{"href":"https:\/\/spherecollectiveberlin.com\/en\/wp-json\/wp\/v2\/types\/page"}],"author":[{"embeddable":true,"href":"https:\/\/spherecollectiveberlin.com\/en\/wp-json\/wp\/v2\/users\/1"}],"replies":[{"embeddable":true,"href":"https:\/\/spherecollectiveberlin.com\/en\/wp-json\/wp\/v2\/comments?post=235"}],"version-history":[{"count":5,"href":"https:\/\/spherecollectiveberlin.com\/en\/wp-json\/wp\/v2\/pages\/235\/revisions"}],"predecessor-version":[{"id":767,"href":"https:\/\/spherecollectiveberlin.com\/en\/wp-json\/wp\/v2\/pages\/235\/revisions\/767"}],"wp:attachment":[{"href":"https:\/\/spherecollectiveberlin.com\/en\/wp-json\/wp\/v2\/media?parent=235"}],"curies":[{"name":"wp","href":"https:\/\/api.w.org\/{rel}","templated":true}]}}