{"id":238,"date":"2021-11-04T19:36:12","date_gmt":"2021-11-04T19:36:12","guid":{"rendered":"https:\/\/spherecollectiveberlin.com\/projects\/"},"modified":"2023-06-08T14:47:53","modified_gmt":"2023-06-08T14:47:53","slug":"projekte","status":"publish","type":"page","link":"https:\/\/spherecollectiveberlin.com\/en\/projekte\/","title":{"rendered":"Projects"},"content":{"rendered":"<p>[et_pb_section fb_built=&#8221;1&#8243; admin_label=&#8221;Header&#8221; _builder_version=&#8221;4.16&#8243; background_enable_image=&#8221;off&#8221; background_position=&#8221;bottom_center&#8221; locked=&#8221;off&#8221; global_colors_info=&#8221;{}&#8221;][et_pb_row _builder_version=&#8221;4.16&#8243; locked=&#8221;off&#8221; global_colors_info=&#8221;{}&#8221;][et_pb_column type=&#8221;4_4&#8243; _builder_version=&#8221;4.16&#8243; global_colors_info=&#8221;{}&#8221;][et_pb_text _builder_version=&#8221;4.16&#8243; header_font_size_tablet=&#8221;&#8221; header_font_size_phone=&#8221;&#8221; header_font_size_last_edited=&#8221;on|phone&#8221; locked=&#8221;off&#8221; global_colors_info=&#8221;{}&#8221;]<\/p>\n<h1>Projekte<\/h1>\n<p>[\/et_pb_text][\/et_pb_column][\/et_pb_row][\/et_pb_section][et_pb_section fb_built=&#8221;1&#8243; admin_label=&#8221;Gallery&#8221; _builder_version=&#8221;4.16&#8243; global_colors_info=&#8221;{}&#8221;][et_pb_row column_structure=&#8221;1_2,1_2&#8243; use_custom_gutter=&#8221;on&#8221; gutter_width=&#8221;2&#8243; make_equal=&#8221;on&#8221; _builder_version=&#8221;4.16&#8243; _module_preset=&#8221;default&#8221; max_width=&#8221;none&#8221; custom_padding=&#8221;||158px|||&#8221; locked=&#8221;off&#8221; global_colors_info=&#8221;{}&#8221;][et_pb_column type=&#8221;1_2&#8243; _builder_version=&#8221;4.16&#8243; _module_preset=&#8221;default&#8221; global_colors_info=&#8221;{}&#8221;][et_pb_image src=&#8221;https:\/\/spherecollectiveberlin.com\/wp-content\/uploads\/2022\/03\/Shake-Project-1-1.png&#8221; title_text=&#8221;Shake-Project-1&#8243; url=&#8221;https:\/\/vimeo.com\/396029748&#8243; url_new_window=&#8221;on&#8221; align=&#8221;center&#8221; _builder_version=&#8221;4.16.0&#8243; max_width=&#8221;70%&#8221; locked=&#8221;off&#8221; global_colors_info=&#8221;{}&#8221;][\/et_pb_image][\/et_pb_column][et_pb_column type=&#8221;1_2&#8243; _builder_version=&#8221;4.16&#8243; _module_preset=&#8221;default&#8221; global_colors_info=&#8221;{}&#8221;][et_pb_text _builder_version=&#8221;4.16&#8243; header_2_font_size_tablet=&#8221;&#8221; header_2_font_size_phone=&#8221;&#8221; header_2_font_size_last_edited=&#8221;on|desktop&#8221; global_colors_info=&#8221;{}&#8221;]<\/p>\n<h2>SHAKE<\/h2>\n<p>[\/et_pb_text][et_pb_text _builder_version=&#8221;4.21.0&#8243; text_font=&#8221;||||||||&#8221; text_text_color=&#8221;#000000&#8243; link_font=&#8221;||||on|||#000000|&#8221; link_text_color=&#8221;#000000&#8243; header_3_font=&#8221;|700|||||||&#8221; header_3_font_size=&#8221;20px&#8221; header_6_font=&#8221;Montserrat|700||on|||||&#8221; header_6_text_color=&#8221;#fd6927&#8243; header_6_font_size=&#8221;12px&#8221; header_6_letter_spacing=&#8221;2px&#8221; header_6_line_height=&#8221;2em&#8221; positioning=&#8221;relative&#8221; position_origin_a=&#8221;bottom_right&#8221; position_origin_a_tablet=&#8221;&#8221; position_origin_a_phone=&#8221;&#8221; position_origin_a_last_edited=&#8221;on|tablet&#8221; position_origin_f_tablet=&#8221;&#8221; position_origin_f_phone=&#8221;&#8221; position_origin_f_last_edited=&#8221;on|tablet&#8221; position_origin_r_tablet=&#8221;&#8221; position_origin_r_phone=&#8221;&#8221; position_origin_r_last_edited=&#8221;on|tablet&#8221; width=&#8221;65.6%&#8221; custom_padding=&#8221;|0px||||&#8221; hover_enabled=&#8221;0&#8243; header_3_font_size_tablet=&#8221;16px&#8221; header_3_font_size_last_edited=&#8221;off|tablet&#8221; positioning_tablet=&#8221;relative&#8221; positioning_phone=&#8221;&#8221; positioning_last_edited=&#8221;on|tablet&#8221; locked=&#8221;off&#8221; global_colors_info=&#8221;{}&#8221; sticky_enabled=&#8221;0&#8243;]<\/p>\n<p style=\"text-align: justify;\"><span style=\"font-weight: 400;\">SHAKE ist eine intime Rebellion und kontinuierliche Recherche zum ausged\u00f6rrten fixen K\u00f6rperkult. Es ist eine Neuanalyse und Anerkennung des T\u00e4nzer*innen- und Frauenk\u00f6rpers. Basierend auf den M\u00f6glichkeiten einer anderen Betrachtungsweise des K\u00f6rpers wird alles gesch\u00fcttelt: Haut, Knochen, Fett, Haare, alte Gef\u00fchle und sperrige Gedanken. Somit entsteht ein neuer Raum im Genie\u00dfen des eigenen Daseins.\u00a0<\/span><\/p>\n<p>[\/et_pb_text][\/et_pb_column][\/et_pb_row][et_pb_row column_structure=&#8221;1_2,1_2&#8243; use_custom_gutter=&#8221;on&#8221; gutter_width=&#8221;2&#8243; make_equal=&#8221;on&#8221; _builder_version=&#8221;4.16&#8243; _module_preset=&#8221;default&#8221; max_width=&#8221;none&#8221; custom_padding=&#8221;||100px|||&#8221; locked=&#8221;off&#8221; global_colors_info=&#8221;{}&#8221;][et_pb_column type=&#8221;1_2&#8243; _builder_version=&#8221;4.16&#8243; _module_preset=&#8221;default&#8221; global_colors_info=&#8221;{}&#8221;][et_pb_text _builder_version=&#8221;4.16&#8243; header_font_size=&#8221;42px&#8221; header_line_height=&#8221;1.2em&#8221; header_font_size_tablet=&#8221;34px&#8221; header_font_size_phone=&#8221;26px&#8221; header_font_size_last_edited=&#8221;on|phone&#8221; global_colors_info=&#8221;{}&#8221;]<\/p>\n<h2>YIN<\/h2>\n<p>[\/et_pb_text][et_pb_text _builder_version=&#8221;4.21.0&#8243; text_font=&#8221;||||||||&#8221; text_text_color=&#8221;#000000&#8243; link_font=&#8221;||||on|||#000000|&#8221; link_text_color=&#8221;#000000&#8243; header_3_font=&#8221;|700|||||||&#8221; header_3_font_size=&#8221;20px&#8221; header_6_font=&#8221;Montserrat|700||on|||||&#8221; header_6_text_color=&#8221;#fd6927&#8243; header_6_font_size=&#8221;12px&#8221; header_6_letter_spacing=&#8221;2px&#8221; header_6_line_height=&#8221;2em&#8221; positioning=&#8221;relative&#8221; position_origin_a=&#8221;bottom_right&#8221; position_origin_a_tablet=&#8221;&#8221; position_origin_a_phone=&#8221;&#8221; position_origin_a_last_edited=&#8221;on|tablet&#8221; position_origin_f_tablet=&#8221;&#8221; position_origin_f_phone=&#8221;&#8221; position_origin_f_last_edited=&#8221;on|tablet&#8221; position_origin_r_tablet=&#8221;&#8221; position_origin_r_phone=&#8221;&#8221; position_origin_r_last_edited=&#8221;on|tablet&#8221; width=&#8221;100%&#8221; hover_enabled=&#8221;0&#8243; header_3_font_size_tablet=&#8221;16px&#8221; header_3_font_size_last_edited=&#8221;off|tablet&#8221; positioning_tablet=&#8221;relative&#8221; positioning_phone=&#8221;&#8221; positioning_last_edited=&#8221;on|tablet&#8221; locked=&#8221;off&#8221; global_colors_info=&#8221;{}&#8221; sticky_enabled=&#8221;0&#8243;]<\/p>\n<p style=\"text-align: justify;\"><span style=\"font-weight: 400;\">Das Stu\u0308ck l\u00e4sst den Zuschauer in, die uns allen innewohnende weibliche\/yin Energie eintauchen. Ein matriarchalisches Bewusstsein in dem Akzeptanz, Offenheit, Respekt, wie auch das \u201cspirituelle Konzept\u201d, der Verbundenheit, der Erde und den Menschen als Teil von ihr, gilt. Es ist eine Zukunftsvision.<\/span><\/p>\n<p style=\"text-align: justify;\"><span style=\"font-weight: 400;\">Die Performer\/innen bilden ein neues gesellschaftliches Konstrukt. Dieses steht im Kontrast, zu unserer heutigen Gesellschaft, in der es viel darum geht seine Individualit\u00e4t zu zeigen &#8211; das isolierte Individuum, dass sich von seinem Umfeld abhebt und nach pers\u00f6nlichem Erfolg strebt. Gegens\u00e4tzlich dazu ist \u201cYIN\u201d, das Gro\u00dfe Ganze, das alles einf\u00e4ngt wie ein Ozean. Weibliche Leichtigkeit wirkt wie eine Meditation, erg\u00e4nzt durch die intensive Komposition von Richard Kretschmar und der Stimme der syrischen S\u00e4ngerin Ebla Sadek, die uns in den Untergrund, das Verstecke fu\u0308hren, was durch die Ehrlichkeit des Tanzes und dem Zusammenhalt der Gruppe zu einem st\u00e4rkenden Erlebnis wird.<\/span><\/p>\n<p>[\/et_pb_text][\/et_pb_column][et_pb_column type=&#8221;1_2&#8243; _builder_version=&#8221;4.16&#8243; _module_preset=&#8221;default&#8221; global_colors_info=&#8221;{}&#8221;][et_pb_image src=&#8221;https:\/\/spherecollectiveberlin.com\/wp-content\/uploads\/2022\/03\/Yin-Project-1.png&#8221; title_text=&#8221;Yin-Project&#8221; url=&#8221;https:\/\/www.youtube.com\/watch?v=p22eEkNVUsw&#038;t=3s&#8221; url_new_window=&#8221;on&#8221; align=&#8221;center&#8221; _builder_version=&#8221;4.16&#8243; max_width=&#8221;91.3%&#8221; locked=&#8221;off&#8221; global_colors_info=&#8221;{}&#8221;][\/et_pb_image][\/et_pb_column][\/et_pb_row][\/et_pb_section]<\/p>\n","protected":false},"excerpt":{"rendered":"<p>ProjekteSHAKESHAKE ist eine intime Rebellion und kontinuierliche Recherche zum ausged\u00f6rrten fixen K\u00f6rperkult. Es ist eine Neuanalyse und Anerkennung des T\u00e4nzer*innen- und Frauenk\u00f6rpers. Basierend auf den M\u00f6glichkeiten einer anderen Betrachtungsweise des K\u00f6rpers wird alles gesch\u00fcttelt: Haut, Knochen, Fett, Haare, alte Gef\u00fchle und sperrige Gedanken. Somit entsteht ein neuer Raum im Genie\u00dfen des eigenen Daseins.\u00a0YINDas Stu\u0308ck l\u00e4sst [&hellip;]<\/p>\n","protected":false},"author":1,"featured_media":0,"parent":0,"menu_order":0,"comment_status":"closed","ping_status":"closed","template":"","meta":{"nf_dc_page":"","_et_pb_use_builder":"on","_et_pb_old_content":"<!-- wp:divi\/placeholder \/-->","_et_gb_content_width":"","footnotes":""},"class_list":["post-238","page","type-page","status-publish","hentry"],"yoast_head":"<!-- This site is optimized with the Yoast SEO plugin v27.4 - https:\/\/yoast.com\/product\/yoast-seo-wordpress\/ -->\n<title>Projekte - SPHERE<\/title>\n<meta name=\"robots\" content=\"index, follow, max-snippet:-1, max-image-preview:large, max-video-preview:-1\" \/>\n<link rel=\"canonical\" href=\"https:\/\/spherecollectiveberlin.com\/en\/projekte\/\" \/>\n<meta property=\"og:locale\" content=\"en_US\" \/>\n<meta property=\"og:type\" content=\"article\" \/>\n<meta property=\"og:title\" content=\"Projekte - SPHERE\" \/>\n<meta property=\"og:description\" content=\"ProjekteSHAKESHAKE ist eine intime Rebellion und kontinuierliche Recherche zum ausged\u00f6rrten fixen K\u00f6rperkult. Es ist eine Neuanalyse und Anerkennung des T\u00e4nzer*innen- und Frauenk\u00f6rpers. Basierend auf den M\u00f6glichkeiten einer anderen Betrachtungsweise des K\u00f6rpers wird alles gesch\u00fcttelt: Haut, Knochen, Fett, Haare, alte Gef\u00fchle und sperrige Gedanken. Somit entsteht ein neuer Raum im Genie\u00dfen des eigenen Daseins.\u00a0YINDas Stu\u0308ck l\u00e4sst [&hellip;]\" \/>\n<meta property=\"og:url\" content=\"https:\/\/spherecollectiveberlin.com\/en\/projekte\/\" \/>\n<meta property=\"og:site_name\" content=\"SPHERE\" \/>\n<meta property=\"article:modified_time\" content=\"2023-06-08T14:47:53+00:00\" \/>\n<meta name=\"twitter:card\" content=\"summary_large_image\" \/>\n<meta name=\"twitter:label1\" content=\"Est. reading time\" \/>\n\t<meta name=\"twitter:data1\" content=\"2 minutes\" \/>\n<script type=\"application\/ld+json\" class=\"yoast-schema-graph\">{\"@context\":\"https:\\\/\\\/schema.org\",\"@graph\":[{\"@type\":\"WebPage\",\"@id\":\"https:\\\/\\\/spherecollectiveberlin.com\\\/projekte\\\/\",\"url\":\"https:\\\/\\\/spherecollectiveberlin.com\\\/projekte\\\/\",\"name\":\"Projekte - SPHERE\",\"isPartOf\":{\"@id\":\"https:\\\/\\\/spherecollectiveberlin.com\\\/#website\"},\"datePublished\":\"2021-11-04T19:36:12+00:00\",\"dateModified\":\"2023-06-08T14:47:53+00:00\",\"breadcrumb\":{\"@id\":\"https:\\\/\\\/spherecollectiveberlin.com\\\/projekte\\\/#breadcrumb\"},\"inLanguage\":\"en-US\",\"potentialAction\":[{\"@type\":\"ReadAction\",\"target\":[\"https:\\\/\\\/spherecollectiveberlin.com\\\/projekte\\\/\"]}]},{\"@type\":\"BreadcrumbList\",\"@id\":\"https:\\\/\\\/spherecollectiveberlin.com\\\/projekte\\\/#breadcrumb\",\"itemListElement\":[{\"@type\":\"ListItem\",\"position\":1,\"name\":\"Home\",\"item\":\"https:\\\/\\\/spherecollectiveberlin.com\\\/\"},{\"@type\":\"ListItem\",\"position\":2,\"name\":\"Projekte\"}]},{\"@type\":\"WebSite\",\"@id\":\"https:\\\/\\\/spherecollectiveberlin.com\\\/#website\",\"url\":\"https:\\\/\\\/spherecollectiveberlin.com\\\/\",\"name\":\"SPHERE\",\"description\":\"\",\"potentialAction\":[{\"@type\":\"SearchAction\",\"target\":{\"@type\":\"EntryPoint\",\"urlTemplate\":\"https:\\\/\\\/spherecollectiveberlin.com\\\/?s={search_term_string}\"},\"query-input\":{\"@type\":\"PropertyValueSpecification\",\"valueRequired\":true,\"valueName\":\"search_term_string\"}}],\"inLanguage\":\"en-US\"}]}<\/script>\n<!-- \/ Yoast SEO plugin. -->","yoast_head_json":{"title":"Projekte - SPHERE","robots":{"index":"index","follow":"follow","max-snippet":"max-snippet:-1","max-image-preview":"max-image-preview:large","max-video-preview":"max-video-preview:-1"},"canonical":"https:\/\/spherecollectiveberlin.com\/en\/projekte\/","og_locale":"en_US","og_type":"article","og_title":"Projekte - SPHERE","og_description":"ProjekteSHAKESHAKE ist eine intime Rebellion und kontinuierliche Recherche zum ausged\u00f6rrten fixen K\u00f6rperkult. Es ist eine Neuanalyse und Anerkennung des T\u00e4nzer*innen- und Frauenk\u00f6rpers. Basierend auf den M\u00f6glichkeiten einer anderen Betrachtungsweise des K\u00f6rpers wird alles gesch\u00fcttelt: Haut, Knochen, Fett, Haare, alte Gef\u00fchle und sperrige Gedanken. Somit entsteht ein neuer Raum im Genie\u00dfen des eigenen Daseins.\u00a0YINDas Stu\u0308ck l\u00e4sst [&hellip;]","og_url":"https:\/\/spherecollectiveberlin.com\/en\/projekte\/","og_site_name":"SPHERE","article_modified_time":"2023-06-08T14:47:53+00:00","twitter_card":"summary_large_image","twitter_misc":{"Est. reading time":"2 minutes"},"schema":{"@context":"https:\/\/schema.org","@graph":[{"@type":"WebPage","@id":"https:\/\/spherecollectiveberlin.com\/projekte\/","url":"https:\/\/spherecollectiveberlin.com\/projekte\/","name":"Projekte - SPHERE","isPartOf":{"@id":"https:\/\/spherecollectiveberlin.com\/#website"},"datePublished":"2021-11-04T19:36:12+00:00","dateModified":"2023-06-08T14:47:53+00:00","breadcrumb":{"@id":"https:\/\/spherecollectiveberlin.com\/projekte\/#breadcrumb"},"inLanguage":"en-US","potentialAction":[{"@type":"ReadAction","target":["https:\/\/spherecollectiveberlin.com\/projekte\/"]}]},{"@type":"BreadcrumbList","@id":"https:\/\/spherecollectiveberlin.com\/projekte\/#breadcrumb","itemListElement":[{"@type":"ListItem","position":1,"name":"Home","item":"https:\/\/spherecollectiveberlin.com\/"},{"@type":"ListItem","position":2,"name":"Projekte"}]},{"@type":"WebSite","@id":"https:\/\/spherecollectiveberlin.com\/#website","url":"https:\/\/spherecollectiveberlin.com\/","name":"SPHERE","description":"","potentialAction":[{"@type":"SearchAction","target":{"@type":"EntryPoint","urlTemplate":"https:\/\/spherecollectiveberlin.com\/?s={search_term_string}"},"query-input":{"@type":"PropertyValueSpecification","valueRequired":true,"valueName":"search_term_string"}}],"inLanguage":"en-US"}]}},"jetpack_sharing_enabled":true,"_links":{"self":[{"href":"https:\/\/spherecollectiveberlin.com\/en\/wp-json\/wp\/v2\/pages\/238","targetHints":{"allow":["GET"]}}],"collection":[{"href":"https:\/\/spherecollectiveberlin.com\/en\/wp-json\/wp\/v2\/pages"}],"about":[{"href":"https:\/\/spherecollectiveberlin.com\/en\/wp-json\/wp\/v2\/types\/page"}],"author":[{"embeddable":true,"href":"https:\/\/spherecollectiveberlin.com\/en\/wp-json\/wp\/v2\/users\/1"}],"replies":[{"embeddable":true,"href":"https:\/\/spherecollectiveberlin.com\/en\/wp-json\/wp\/v2\/comments?post=238"}],"version-history":[{"count":5,"href":"https:\/\/spherecollectiveberlin.com\/en\/wp-json\/wp\/v2\/pages\/238\/revisions"}],"predecessor-version":[{"id":744,"href":"https:\/\/spherecollectiveberlin.com\/en\/wp-json\/wp\/v2\/pages\/238\/revisions\/744"}],"wp:attachment":[{"href":"https:\/\/spherecollectiveberlin.com\/en\/wp-json\/wp\/v2\/media?parent=238"}],"curies":[{"name":"wp","href":"https:\/\/api.w.org\/{rel}","templated":true}]}}